{"id":2361,"date":"2017-09-17T18:43:54","date_gmt":"2017-09-17T18:43:54","guid":{"rendered":"https:\/\/macizocafe.com\/en\/?page_id=2361"},"modified":"2023-09-28T21:28:28","modified_gmt":"2023-09-28T21:28:28","slug":"sale","status":"publish","type":"page","link":"https:\/\/macizocafe.com\/en\/sale\/","title":{"rendered":"Sale"},"content":{"rendered":"<p>[vc_section full_width=&#8221;stretch_row&#8221;][vc_row][vc_column][vc_column_text]<\/p>\n<h2>ENJOY MACIZO WITH DAD<\/h2>\n<p>[\/vc_column_text][\/vc_column][\/vc_row][vc_row][vc_column]<div class=\"es-resp\">\t<div class=\"hidden-sm hidden-ms hidden-xs\" style=\"height: 72px;\"><\/div>\t<div class=\"hidden-xl hidden-lg hidden-md hidden-xs\" style=\"height: 48px;\"><\/div>\t<div class=\"visible-xs\" style=\"height: 48px;\"><\/div><\/div>[\/vc_column][vc_column][vc_hoverbox image=&#8221;3693&#8243; primary_title=&#8221;&#8221; hover_title=&#8221;&#8221; shape=&#8221;square&#8221; hover_background_color=&#8221;black&#8221; hover_btn_title=&#8221;\u00a1Ve ahora!&#8221; hover_btn_style=&#8221;3d&#8221; hover_btn_shape=&#8221;square&#8221; hover_btn_color=&#8221;orange&#8221; hover_add_button=&#8221;true&#8221;]<\/p>\n<h4 style=\"text-align: center;\"><span style=\"color: #f5985b;\"><i><span style=\"font-weight: 400;\">En el mes del padre, disfruta junto a \u00e9l, regal\u00e1ndole amor y la posibilidad de construir nuevos momentos para recordar.<br \/>\n<\/span><\/i><i><span style=\"font-weight: 400;\">La mejor manera es compartiendo un delicioso caf\u00e9 de altura Macizo.<\/span><\/i><\/span><\/h4>\n<p>[\/vc_hoverbox][vc_hoverbox image=&#8221;3689&#8243; primary_title=&#8221;&#8221; hover_title=&#8221;&#8221; shape=&#8221;square&#8221; hover_background_color=&#8221;black&#8221; hover_btn_title=&#8221;\u00a1Ve ahora!&#8221; hover_btn_style=&#8221;3d&#8221; hover_btn_shape=&#8221;square&#8221; hover_btn_color=&#8221;orange&#8221; hover_add_button=&#8221;true&#8221;]<\/p>\n<h4 style=\"text-align: center;\"><span style=\"color: #f5985b;\"><i><span style=\"font-weight: 400;\">Gracias a pap\u00e1, siempre hemos tenido lo mejor, y en este d\u00eda en especial queremos que \u00e9l tambi\u00e9n disfrute de algo grandioso, por eso hemos creado un combo del caf\u00e9 de altura Macizo dise\u00f1ado especialmente para \u00e9l..<\/span><\/i><\/span><\/h4>\n<p>[\/vc_hoverbox][\/vc_column][\/vc_row][vc_row][vc_column]<div class=\"es-resp\">\t<div class=\"hidden-sm hidden-ms hidden-xs\" style=\"height: 72px;\"><\/div>\t<div class=\"hidden-xl hidden-lg hidden-md hidden-xs\" style=\"height: 48px;\"><\/div>\t<div class=\"visible-xs\" style=\"height: 48px;\"><\/div><\/div>[vc_row_inner][vc_column_inner width=&#8221;1\/2&#8243;][vc_single_image image=&#8221;3696&#8243; img_size=&#8221;medium&#8221; alignment=&#8221;center&#8221;]<div class=\"tariff-item   layout-default matchHeight\"  id=\"like_sc_header_940340692\"><h5 class=\"header\">Professional Dad<\/h5><div class=\"price\">$140.000<\/div><p><span class=\"ul-yes fa fa-check\"><\/span> 340g Macizo Natural Coffee Packaging<br \/>\n<span class=\"ul-yes fa fa-check\"><\/span> V60 Glass 01<br \/>\n<span class=\"ul-yes fa fa-check\"><\/span> Measuring Spoon<br \/>\n<span class=\"ul-yes fa fa-check\"><\/span> Small Manual Grinder<br \/>\n<span class=\"ul-yes fa fa-check\"><\/span> Macizo Gift Box<\/p><div><a href=\"https:\/\/macizocafe.com\/en\/producto\/papa-profesional\/\" class=\"btn btn-xs btn-default   transform-lowercase\">\u00a1Buy now!<\/a><\/div><\/div>[\/vc_column_inner][vc_column_inner width=&#8221;1\/2&#8243;][vc_single_image image=&#8221;3695&#8243; img_size=&#8221;medium&#8221; alignment=&#8221;center&#8221;]<div class=\"tariff-item   layout-default matchHeight\"  id=\"like_sc_header_245630791\"><h5 class=\"header\">Only Lovers 2.0<\/h5><div class=\"price\">$95.000<\/div><p><span class=\"ul-yes fa fa-check\"><\/span> 340g Santander Coffee Packaging<br \/>\n<span class=\"ul-yes fa fa-check\"><\/span> 340g Pink Bourbon Coffee Packaging<br \/>\n<span class=\"ul-yes fa fa-check\"><\/span> 340g Cundinamarca Blend Coffee Packaging<br \/>\n<span class=\"ul-yes fa fa-check\"><\/span> 340g Natural Coffee Packaging<br \/>\n<span class=\"ul-yes fa fa-check\"><\/span> Macizo Gift Box<\/p><div><a href=\"https:\/\/macizocafe.com\/en\/producto\/only-lovers-2-0\/\" class=\"btn btn-xs btn-default   transform-lowercase\">\u00a1Buy now!<\/a><\/div><\/div>[\/vc_column_inner][\/vc_row_inner]<div class=\"es-resp\">\t<div class=\"hidden-sm hidden-ms hidden-xs\" style=\"height: 72px;\"><\/div>\t<div class=\"hidden-xl hidden-lg hidden-md hidden-xs\" style=\"height: 48px;\"><\/div>\t<div class=\"visible-xs\" style=\"height: 48px;\"><\/div><\/div>[vc_zigzag color=&#8221;black&#8221; el_border_width=&#8221;10&#8243;][\/vc_column][\/vc_row][\/vc_section][vc_section full_width=&#8221;stretch_row&#8221;][vc_row][vc_column]<div class=\"es-resp\">\t<div class=\"hidden-sm hidden-ms hidden-xs\" style=\"height: 72px;\"><\/div>\t<div class=\"hidden-xl hidden-lg hidden-md hidden-xs\" style=\"height: 48px;\"><\/div>\t<div class=\"visible-xs\" style=\"height: 48px;\"><\/div><\/div>[vc_column_text]<\/p>\n<h2>SPECIAL COFFEES FOR MOM<\/h2>\n<p>[\/vc_column_text][\/vc_column][\/vc_row][vc_row css_animation=&#8221;bounceIn&#8221; border_shadow=&#8221;shadow&#8221; bg_parallax=&#8221;disbled&#8221; css=&#8221;.vc_custom_1622239774954{border-radius: 3px !important;}&#8221;][vc_column width=&#8221;1\/2&#8243; offset=&#8221;vc_col-md-4&#8243;][vc_single_image image=&#8221;3655&#8243; img_size=&#8221;medium&#8221; alignment=&#8221;right&#8221; css_animation=&#8221;zoomInRight&#8221;][\/vc_column][vc_column width=&#8221;1\/3&#8243; offset=&#8221;vc_col-lg-4 vc_col-md-4 vc_hidden-sm vc_hidden-xs&#8221;][vc_single_image image=&#8221;3653&#8243; img_size=&#8221;full&#8221; alignment=&#8221;center&#8221; style=&#8221;vc_box_shadow_3d&#8221; css_animation=&#8221;zoomIn&#8221;][\/vc_column][vc_column width=&#8221;1\/2&#8243; offset=&#8221;vc_col-md-4&#8243;][vc_single_image image=&#8221;3654&#8243; img_size=&#8221;medium&#8221; css_animation=&#8221;zoomInLeft&#8221;][\/vc_column][vc_column bg_overlay=&#8221;dark&#8221; border_shadow=&#8221;shadow&#8221; text_align=&#8221;center&#8221; bg_parallax=&#8221;disbled&#8221; css=&#8221;.vc_custom_1622242360918{background-image: url(https:\/\/macizocafe.com\/en\/wp-content\/uploads\/sites\/2\/2017\/09\/bg-table.jpg?id=2367) !important;}&#8221;][vc_column_text]<\/p>\n<h2 style=\"text-align: center;\"><span class=\"text-large\" style=\"color: #ffcc99;\">Cada momento junto a\u00a0 mam\u00e1 deber\u00eda ser \u00fanico e irrepetible.\u00a0 Te traemos estas incre\u00edbles promociones para que disfrutes con ella de un inigualable caf\u00e9 de altura\u00a0 especialmente pensado para esta ocasi\u00f3n.<\/span><\/h2>\n<p>[\/vc_column_text][\/vc_column][\/vc_row][vc_row][vc_column]<div class=\"es-resp\">\t<div class=\"hidden-sm hidden-ms hidden-xs\" style=\"height: 72px;\"><\/div>\t<div class=\"hidden-xl hidden-lg hidden-md hidden-xs\" style=\"height: 48px;\"><\/div>\t<div class=\"visible-xs\" style=\"height: 48px;\"><\/div><\/div>[\/vc_column][\/vc_row][\/vc_section][vc_section full_width=&#8221;stretch_row&#8221; parallax=&#8221;content-moving&#8221; css=&#8221;.vc_custom_1506550884038{background-image: url(https:\/\/macizocafe.com\/en\/wp-content\/uploads\/sites\/2\/2017\/09\/bg-table.jpg?id=2367) !important;background-position: 0 0 !important;background-repeat: no-repeat !important;}&#8221;][vc_row][vc_column]<div class=\"es-resp\">\t<div class=\"hidden-sm hidden-ms hidden-xs\" style=\"height: 16px;\"><\/div>\t<div class=\"hidden-xl hidden-lg hidden-md hidden-xs\" style=\"height: 16px;\"><\/div>\t<div class=\"visible-xs\" style=\"height: 16px;\"><\/div><\/div><div class=\"heading  head-subheader align-center color-white subcolor-main transform-default\" id=\"like_sc_header_364612961\"><h5 class=\"subheader\">Special Kits<\/h5><h2 class=\"header\">Choose your favorite option<\/h2><\/div><div class=\"es-resp\">\t<div class=\"hidden-sm hidden-ms hidden-xs\" style=\"height: 32px;\"><\/div>\t<div class=\"hidden-xl hidden-lg hidden-md hidden-xs\" style=\"height: 32px;\"><\/div>\t<div class=\"visible-xs\" style=\"height: 32px;\"><\/div><\/div>[vc_row_inner][vc_column_inner width=&#8221;1\/3&#8243;][vc_single_image image=&#8221;3664&#8243; img_size=&#8221;medium&#8221; alignment=&#8221;center&#8221;]<div class=\"tariff-item   layout-default matchHeight\"  id=\"like_sc_header_1178648299\"><h5 class=\"header\">Professional Mom<\/h5><div class=\"price\">$93.000<\/div><p><span>+} 340g Macizo Natural Coffee Packaging<br \/>\n<span class=\"ul-yes fa fa-check\"><\/span> 10g Santander Drip Pack<br \/>\n<span class=\"ul-yes fa fa-check\"><\/span> 300ml Goose Pitcher<br \/>\n<span class=\"ul-yes fa fa-check\"><\/span> Macizo Gift Box<\/p><div><a href=\"https:\/\/macizocafe.com\/en\/producto\/mama-profesional\/\" class=\"btn btn-xs btn-default   transform-lowercase\">Buy now!<\/a><\/div><\/div>[\/vc_column_inner][vc_column_inner width=&#8221;1\/3&#8243;][vc_single_image image=&#8221;3666&#8243; img_size=&#8221;medium&#8221; alignment=&#8221;center&#8221;]<div class=\"tariff-item   layout-default matchHeight\"  id=\"like_sc_header_167523732\"><h5 class=\"header\">Only Lovers 2.0<\/h5><div class=\"price\">$95.000<\/div><p><span class=\"ul-yes fa fa-check\"><\/span> 340g Santander Coffee Packaging<br \/>\n<span class=\"ul-yes fa fa-check\"><\/span> 340g Pink Bourbon Coffee Packaging<br \/>\n<span class=\"ul-yes fa fa-check\"><\/span> 340g Cundinamarca Blend Coffee Packaging<br \/>\n<span class=\"ul-yes fa fa-check\"><\/span> 340g Natural Coffee Packaging<br \/>\n<span class=\"ul-yes fa fa-check\"><\/span> Macizo Gift Box<\/p><div><a href=\"https:\/\/macizocafe.com\/en\/producto\/only-lovers-2-0\/\" class=\"btn btn-xs btn-default   transform-lowercase\">Buy now!<\/a><\/div><\/div>[\/vc_column_inner][vc_column_inner width=&#8221;1\/3&#8243;][vc_single_image image=&#8221;3667&#8243; img_size=&#8221;medium&#8221; alignment=&#8221;center&#8221;]<div class=\"tariff-item   layout-default matchHeight\"  id=\"like_sc_header_496788048\"><h5 class=\"header\">Pink for Mom<\/h5><div class=\"price\">$85.000<\/div><p><span class=\"ul-yes fa fa-check\"><\/span> 340g Pink Bourbon Coffee Packaging<br \/>\n<span class=\"ul-yes fa fa-check\"><\/span> V60 Method with Wooden Base<br \/>\n<span class=\"ul-yes fa fa-check\"><\/span> Spoon<br \/>\n<span class=\"ul-yes fa fa-check\"><\/span> Macizo Gift Box<\/p><div><a href=\"https:\/\/macizocafe.com\/en\/producto\/rosa-para-mama\/\" class=\"btn btn-xs btn-default   transform-lowercase\">Buy now!<\/a><\/div><\/div>[\/vc_column_inner][\/vc_row_inner]<div class=\"es-resp\">\t<div class=\"hidden-sm hidden-ms hidden-xs\" style=\"height: 140px;\"><\/div>\t<div class=\"hidden-xl hidden-lg hidden-md hidden-xs\" style=\"height: 70px;\"><\/div>\t<div class=\"visible-xs\" style=\"height: 50px;\"><\/div><\/div>[\/vc_column][\/vc_row][\/vc_section][vc_section][vc_row][vc_column][vc_empty_space][\/vc_column][\/vc_row][vc_row][vc_column width=&#8221;1\/3&#8243; offset=&#8221;vc_col-md-2 vc_col-xs-6&#8243;][vc_single_image image=&#8221;2104&#8243; img_size=&#8221;full&#8221; alignment=&#8221;center&#8221;][\/vc_column][vc_column width=&#8221;1\/3&#8243; offset=&#8221;vc_col-md-2 vc_col-xs-6&#8243;][vc_single_image image=&#8221;2105&#8243; img_size=&#8221;full&#8221; alignment=&#8221;center&#8221;][\/vc_column][vc_column width=&#8221;1\/3&#8243; offset=&#8221;vc_col-md-2 vc_col-xs-6&#8243;][vc_single_image image=&#8221;2103&#8243; img_size=&#8221;full&#8221; alignment=&#8221;center&#8221;][\/vc_column][vc_column width=&#8221;1\/3&#8243; offset=&#8221;vc_col-md-2 vc_col-xs-6&#8243;][vc_single_image image=&#8221;2102&#8243; img_size=&#8221;full&#8221; alignment=&#8221;center&#8221;][\/vc_column][vc_column width=&#8221;1\/3&#8243; offset=&#8221;vc_col-md-2 vc_col-xs-6&#8243;][vc_single_image image=&#8221;2100&#8243; img_size=&#8221;full&#8221; alignment=&#8221;center&#8221;][\/vc_column][vc_column width=&#8221;1\/3&#8243; offset=&#8221;vc_col-md-2 vc_col-xs-6&#8243;][vc_single_image image=&#8221;2101&#8243; img_size=&#8221;full&#8221; alignment=&#8221;center&#8221;][\/vc_column][\/vc_row][vc_row][vc_column][vc_empty_space][\/vc_column][\/vc_row][\/vc_section][vc_section bg_color_select=&#8221;gray&#8221;][vc_row bg_pos=&#8221;right-center&#8221; css=&#8221;.vc_custom_1505487851821{background-image: url(https:\/\/macizocafe.com\/en\/wp-content\/uploads\/sites\/2\/2017\/09\/coffe_back.png?id=2084) !important;}&#8221;][vc_column bg_color_select=&#8221;gray&#8221; bg_pos=&#8221;center-bottom&#8221; css=&#8221;.vc_custom_1505587437369{background-image: url(https:\/\/macizocafe.com\/en\/wp-content\/uploads\/sites\/2\/2017\/09\/discount-bg.png?id=2132) !important;}&#8221; offset=&#8221;vc_col-lg-6 vc_col-md-12&#8243;][vc_row_inner bg_pos=&#8221;right-top&#8221; css=&#8221;.vc_custom_1505488190613{background-position: 0 0 !important;background-repeat: no-repeat !important;}&#8221;][vc_column_inner]<div class=\"heading  heading-large head-subheader align-center color-black subcolor-main transform-default\" id=\"like_sc_header_2019749185\"><h5 class=\"subheader\">Special offer<\/h5><h3 class=\"header\">Get your discount<\/h3><\/div>[vc_empty_space height=&#8221;48&#8243;][vc_single_image image=&#8221;2085&#8243; img_size=&#8221;full&#8221; alignment=&#8221;center&#8221; css=&#8221;.vc_custom_1505504271931{margin-bottom: 0px !important;}&#8221;][\/vc_column_inner][\/vc_row_inner][vc_row_inner][vc_column_inner width=&#8221;1\/6&#8243;][\/vc_column_inner][vc_column_inner width=&#8221;2\/3&#8243;][vc_column_text]<\/p>\n<p style=\"text-align: center;\"><span class=\"text-small\">Morbi malesuada dui in iaculis lacinia. Duis laoreet ut liberonec tincidunt. Maecenas a eros finibus, condimentum tortoreget, auctor nunc. Aenean a efficitur leo.<\/span><\/p>\n<p>[\/vc_column_text][\/vc_column_inner][vc_column_inner width=&#8221;1\/6&#8243;][\/vc_column_inner][\/vc_row_inner][vc_row_inner][vc_column_inner]<div class=\"btn-wrap align-center\"><a href=\"\"  class=\"btn  btn-default transform-default color-text-default color-hover-default btn-wide align-center\" id=\"like_sc_button_377989843\">Get now<\/a><\/div><div class=\"es-resp\">\t<div class=\"hidden-sm hidden-ms hidden-xs\" style=\"height: 90px;\"><\/div>\t<div class=\"hidden-xl hidden-lg hidden-md hidden-xs\" style=\"height: 70px;\"><\/div>\t<div class=\"visible-xs\" style=\"height: 70px;\"><\/div><\/div>[\/vc_column_inner][\/vc_row_inner][\/vc_column][vc_column width=&#8221;1\/2&#8243; bg_pos=&#8221;center-center&#8221; offset=&#8221;vc_hidden-md vc_hidden-sm vc_hidden-xs&#8221;][\/vc_column][\/vc_row][\/vc_section]<\/p>\n","protected":false},"excerpt":{"rendered":"<p>[vc_section full_width=&#8221;stretch_row&#8221;][vc_row][vc_column][vc_column_text] ENJOY MACIZO WITH DAD [\/vc_column_text][\/vc_column][\/vc_row][vc_row][vc_column][\/vc_column][vc_column][vc_hoverbox image=&#8221;3693&#8243; primary_title=&#8221;&#8221; hover_title=&#8221;&#8221; shape=&#8221;square&#8221; hover_background_color=&#8221;black&#8221; hover_btn_title=&#8221;\u00a1Ve ahora!&#8221; hover_btn_style=&#8221;3d&#8221; hover_btn_shape=&#8221;square&#8221; hover_btn_color=&#8221;orange&#8221; hover_add_button=&#8221;true&#8221;] En el mes del padre, disfruta junto a \u00e9l, regal\u00e1ndole amor y la posibilidad de construir nuevos momentos para recordar. La mejor manera es compartiendo un delicioso caf\u00e9 de altura Macizo. [\/vc_hoverbox][vc_hoverbox image=&#8221;3689&#8243; primary_title=&#8221;&#8221; hover_title=&#8221;&#8221; shape=&#8221;square&#8221; hover_background_color=&#8221;black&#8221; [&hellip;]<\/p>\n","protected":false},"author":1,"featured_media":0,"parent":0,"menu_order":0,"comment_status":"closed","ping_status":"closed","template":"","meta":{"footnotes":""},"yoast_head":"<!-- This site is optimized with the Yoast SEO plugin v21.1 - https:\/\/yoast.com\/wordpress\/plugins\/seo\/ -->\n<title>Sale - Macizo Coffee<\/title>\n<meta name=\"robots\" content=\"index, follow, max-snippet:-1, max-image-preview:large, max-video-preview:-1\" \/>\n<link rel=\"canonical\" href=\"https:\/\/macizocafe.com\/en\/sale\/\" \/>\n<meta property=\"og:locale\" content=\"en_US\" \/>\n<meta property=\"og:type\" content=\"article\" \/>\n<meta property=\"og:title\" content=\"Sale - Macizo Coffee\" \/>\n<meta property=\"og:description\" content=\"[vc_section full_width=&#8221;stretch_row&#8221;][vc_row][vc_column][vc_column_text] ENJOY MACIZO WITH DAD [\/vc_column_text][\/vc_column][\/vc_row][vc_row][vc_column][\/vc_column][vc_column][vc_hoverbox image=&#8221;3693&#8243; primary_title=&#8221;&#8221; hover_title=&#8221;&#8221; shape=&#8221;square&#8221; hover_background_color=&#8221;black&#8221; hover_btn_title=&#8221;\u00a1Ve ahora!&#8221; hover_btn_style=&#8221;3d&#8221; hover_btn_shape=&#8221;square&#8221; hover_btn_color=&#8221;orange&#8221; hover_add_button=&#8221;true&#8221;] En el mes del padre, disfruta junto a \u00e9l, regal\u00e1ndole amor y la posibilidad de construir nuevos momentos para recordar. La mejor manera es compartiendo un delicioso caf\u00e9 de altura Macizo. [\/vc_hoverbox][vc_hoverbox image=&#8221;3689&#8243; primary_title=&#8221;&#8221; hover_title=&#8221;&#8221; shape=&#8221;square&#8221; hover_background_color=&#8221;black&#8221; [&hellip;]\" \/>\n<meta property=\"og:url\" content=\"https:\/\/macizocafe.com\/en\/sale\/\" \/>\n<meta property=\"og:site_name\" content=\"Macizo Coffee\" \/>\n<meta property=\"article:modified_time\" content=\"2023-09-28T21:28:28+00:00\" \/>\n<meta name=\"twitter:card\" content=\"summary_large_image\" \/>\n<meta name=\"twitter:label1\" content=\"Est. reading time\" \/>\n\t<meta name=\"twitter:data1\" content=\"3 minutes\" \/>\n<script type=\"application\/ld+json\" class=\"yoast-schema-graph\">{\"@context\":\"https:\/\/schema.org\",\"@graph\":[{\"@type\":\"WebPage\",\"@id\":\"https:\/\/macizocafe.com\/en\/sale\/\",\"url\":\"https:\/\/macizocafe.com\/en\/sale\/\",\"name\":\"Sale - Macizo Coffee\",\"isPartOf\":{\"@id\":\"https:\/\/macizocafe.com\/en\/#website\"},\"datePublished\":\"2017-09-17T18:43:54+00:00\",\"dateModified\":\"2023-09-28T21:28:28+00:00\",\"breadcrumb\":{\"@id\":\"https:\/\/macizocafe.com\/en\/sale\/#breadcrumb\"},\"inLanguage\":\"en-US\",\"potentialAction\":[{\"@type\":\"ReadAction\",\"target\":[\"https:\/\/macizocafe.com\/en\/sale\/\"]}]},{\"@type\":\"BreadcrumbList\",\"@id\":\"https:\/\/macizocafe.com\/en\/sale\/#breadcrumb\",\"itemListElement\":[{\"@type\":\"ListItem\",\"position\":1,\"name\":\"Portada\",\"item\":\"https:\/\/macizocafe.com\/en\/\"},{\"@type\":\"ListItem\",\"position\":2,\"name\":\"Sale\"}]},{\"@type\":\"WebSite\",\"@id\":\"https:\/\/macizocafe.com\/en\/#website\",\"url\":\"https:\/\/macizocafe.com\/en\/\",\"name\":\"Macizo Coffee\",\"description\":\"Caf\u00e9 de Altura\",\"potentialAction\":[{\"@type\":\"SearchAction\",\"target\":{\"@type\":\"EntryPoint\",\"urlTemplate\":\"https:\/\/macizocafe.com\/en\/?s={search_term_string}\"},\"query-input\":\"required name=search_term_string\"}],\"inLanguage\":\"en-US\"}]}<\/script>\n<!-- \/ Yoast SEO plugin. -->","yoast_head_json":{"title":"Sale - Macizo Coffee","robots":{"index":"index","follow":"follow","max-snippet":"max-snippet:-1","max-image-preview":"max-image-preview:large","max-video-preview":"max-video-preview:-1"},"canonical":"https:\/\/macizocafe.com\/en\/sale\/","og_locale":"en_US","og_type":"article","og_title":"Sale - Macizo Coffee","og_description":"[vc_section full_width=&#8221;stretch_row&#8221;][vc_row][vc_column][vc_column_text] ENJOY MACIZO WITH DAD [\/vc_column_text][\/vc_column][\/vc_row][vc_row][vc_column][\/vc_column][vc_column][vc_hoverbox image=&#8221;3693&#8243; primary_title=&#8221;&#8221; hover_title=&#8221;&#8221; shape=&#8221;square&#8221; hover_background_color=&#8221;black&#8221; hover_btn_title=&#8221;\u00a1Ve ahora!&#8221; hover_btn_style=&#8221;3d&#8221; hover_btn_shape=&#8221;square&#8221; hover_btn_color=&#8221;orange&#8221; hover_add_button=&#8221;true&#8221;] En el mes del padre, disfruta junto a \u00e9l, regal\u00e1ndole amor y la posibilidad de construir nuevos momentos para recordar. La mejor manera es compartiendo un delicioso caf\u00e9 de altura Macizo. [\/vc_hoverbox][vc_hoverbox image=&#8221;3689&#8243; primary_title=&#8221;&#8221; hover_title=&#8221;&#8221; shape=&#8221;square&#8221; hover_background_color=&#8221;black&#8221; [&hellip;]","og_url":"https:\/\/macizocafe.com\/en\/sale\/","og_site_name":"Macizo Coffee","article_modified_time":"2023-09-28T21:28:28+00:00","twitter_card":"summary_large_image","twitter_misc":{"Est. reading time":"3 minutes"},"schema":{"@context":"https:\/\/schema.org","@graph":[{"@type":"WebPage","@id":"https:\/\/macizocafe.com\/en\/sale\/","url":"https:\/\/macizocafe.com\/en\/sale\/","name":"Sale - Macizo Coffee","isPartOf":{"@id":"https:\/\/macizocafe.com\/en\/#website"},"datePublished":"2017-09-17T18:43:54+00:00","dateModified":"2023-09-28T21:28:28+00:00","breadcrumb":{"@id":"https:\/\/macizocafe.com\/en\/sale\/#breadcrumb"},"inLanguage":"en-US","potentialAction":[{"@type":"ReadAction","target":["https:\/\/macizocafe.com\/en\/sale\/"]}]},{"@type":"BreadcrumbList","@id":"https:\/\/macizocafe.com\/en\/sale\/#breadcrumb","itemListElement":[{"@type":"ListItem","position":1,"name":"Portada","item":"https:\/\/macizocafe.com\/en\/"},{"@type":"ListItem","position":2,"name":"Sale"}]},{"@type":"WebSite","@id":"https:\/\/macizocafe.com\/en\/#website","url":"https:\/\/macizocafe.com\/en\/","name":"Macizo Coffee","description":"Caf\u00e9 de Altura","potentialAction":[{"@type":"SearchAction","target":{"@type":"EntryPoint","urlTemplate":"https:\/\/macizocafe.com\/en\/?s={search_term_string}"},"query-input":"required name=search_term_string"}],"inLanguage":"en-US"}]}},"_links":{"self":[{"href":"https:\/\/macizocafe.com\/en\/wp-json\/wp\/v2\/pages\/2361"}],"collection":[{"href":"https:\/\/macizocafe.com\/en\/wp-json\/wp\/v2\/pages"}],"about":[{"href":"https:\/\/macizocafe.com\/en\/wp-json\/wp\/v2\/types\/page"}],"author":[{"embeddable":true,"href":"https:\/\/macizocafe.com\/en\/wp-json\/wp\/v2\/users\/1"}],"replies":[{"embeddable":true,"href":"https:\/\/macizocafe.com\/en\/wp-json\/wp\/v2\/comments?post=2361"}],"version-history":[{"count":5,"href":"https:\/\/macizocafe.com\/en\/wp-json\/wp\/v2\/pages\/2361\/revisions"}],"predecessor-version":[{"id":4273,"href":"https:\/\/macizocafe.com\/en\/wp-json\/wp\/v2\/pages\/2361\/revisions\/4273"}],"wp:attachment":[{"href":"https:\/\/macizocafe.com\/en\/wp-json\/wp\/v2\/media?parent=2361"}],"curies":[{"name":"wp","href":"https:\/\/api.w.org\/{rel}","templated":true}]}}